{"id":1474,"date":"2025-02-12T07:55:11","date_gmt":"2025-02-12T07:55:11","guid":{"rendered":"https:\/\/opdralperentekin.com\/masseter-bonta\/"},"modified":"2026-03-02T14:46:14","modified_gmt":"2026-03-02T14:46:14","slug":"masseter-bonta","status":"publish","type":"page","link":"https:\/\/opdralperentekin.com\/en\/masseter-bonta\/","title":{"rendered":"Masseter Bonta"},"content":{"rendered":"\t\t<div data-elementor-type=\"wp-page\" data-elementor-id=\"1474\" class=\"elementor elementor-1474 elementor-1367\" data-elementor-post-type=\"page\">\n\t\t\t\t\t\t<section class=\"elementor-section elementor-top-section elementor-element elementor-element-77799dfe elementor-section-boxed elementor-section-height-default elementor-section-height-default\" data-id=\"77799dfe\" data-element_type=\"section\" data-e-type=\"section\" data-settings=\"{&quot;background_background&quot;:&quot;classic&quot;}\">\n\t\t\t\t\t\t<div class=\"elementor-container elementor-column-gap-default\">\n\t\t\t\t\t<div class=\"elementor-column elementor-col-100 elementor-top-column elementor-element elementor-element-3a427c8a\" data-id=\"3a427c8a\" data-element_type=\"column\" data-e-type=\"column\">\n\t\t\t<div class=\"elementor-widget-wrap elementor-element-populated\">\n\t\t\t\t\t\t<div class=\"elementor-element elementor-element-42868d27 elementor-widget elementor-widget-heading\" data-id=\"42868d27\" data-element_type=\"widget\" data-e-type=\"widget\" data-widget_type=\"heading.default\">\n\t\t\t\t<div class=\"elementor-widget-container\">\n\t\t\t\t\t<h1 class=\"elementor-heading-title elementor-size-default\">Masseter Bonta<\/h1>\t\t\t\t<\/div>\n\t\t\t\t<\/div>\n\t\t\t\t\t<\/div>\n\t\t<\/div>\n\t\t\t\t\t<\/div>\n\t\t<\/section>\n\t\t\t\t<section class=\"elementor-section elementor-top-section elementor-element elementor-element-2c3e50d3 elementor-section-boxed elementor-section-height-default elementor-section-height-default\" data-id=\"2c3e50d3\" data-element_type=\"section\" data-e-type=\"section\">\n\t\t\t\t\t\t<div class=\"elementor-container elementor-column-gap-default\">\n\t\t\t\t\t<div class=\"elementor-column elementor-col-100 elementor-top-column elementor-element elementor-element-61ed2c09\" data-id=\"61ed2c09\" data-element_type=\"column\" data-e-type=\"column\">\n\t\t\t<div class=\"elementor-widget-wrap elementor-element-populated\">\n\t\t\t\t\t\t<div class=\"elementor-element elementor-element-3d266729 elementor-widget elementor-widget-image\" data-id=\"3d266729\" data-element_type=\"widget\" data-e-type=\"widget\" data-widget_type=\"image.default\">\n\t\t\t\t<div class=\"elementor-widget-container\">\n\t\t\t\t\t\t\t\t\t\t\t\t\t\t\t<img decoding=\"async\" src=\"https:\/\/opdralperentekin.com\/wp-content\/uploads\/2024\/09\/bonta1-scaled.jpg\" title=\"\" alt=\"\" loading=\"lazy\" \/>\t\t\t\t\t\t\t\t\t\t\t\t\t\t\t<\/div>\n\t\t\t\t<\/div>\n\t\t\t\t<div class=\"elementor-element elementor-element-79237b59 elementor-toc--minimized-on-tablet elementor-widget elementor-widget-table-of-contents\" data-id=\"79237b59\" data-element_type=\"widget\" data-e-type=\"widget\" data-settings=\"{&quot;exclude_headings_by_selector&quot;:[],&quot;headings_by_tags&quot;:[&quot;h2&quot;,&quot;h3&quot;,&quot;h4&quot;,&quot;h5&quot;,&quot;h6&quot;],&quot;marker_view&quot;:&quot;numbers&quot;,&quot;no_headings_message&quot;:&quot;No headings were found on this page.&quot;,&quot;minimize_box&quot;:&quot;yes&quot;,&quot;minimized_on&quot;:&quot;tablet&quot;,&quot;hierarchical_view&quot;:&quot;yes&quot;,&quot;min_height&quot;:{&quot;unit&quot;:&quot;px&quot;,&quot;size&quot;:&quot;&quot;,&quot;sizes&quot;:[]},&quot;min_height_tablet&quot;:{&quot;unit&quot;:&quot;px&quot;,&quot;size&quot;:&quot;&quot;,&quot;sizes&quot;:[]},&quot;min_height_mobile&quot;:{&quot;unit&quot;:&quot;px&quot;,&quot;size&quot;:&quot;&quot;,&quot;sizes&quot;:[]}}\" data-widget_type=\"table-of-contents.default\">\n\t\t\t\t<div class=\"elementor-widget-container\">\n\t\t\t\t\t\t\t\t\t<div class=\"elementor-toc__header\">\n\t\t\t\t\t\t<h4 class=\"elementor-toc__header-title\">\n\t\t\t\tContent Detail\t\t\t<\/h4>\n\t\t\t\t\t\t\t\t\t\t<div class=\"elementor-toc__toggle-button elementor-toc__toggle-button--expand\" role=\"button\" tabindex=\"0\" aria-controls=\"elementor-toc__79237b59\" aria-expanded=\"true\" aria-label=\"Open table of contents\"><svg aria-hidden=\"true\" class=\"e-font-icon-svg e-fas-chevron-down\" viewBox=\"0 0 448 512\" xmlns=\"http:\/\/www.w3.org\/2000\/svg\"><path d=\"M207.029 381.476L12.686 187.132c-9.373-9.373-9.373-24.569 0-33.941l22.667-22.667c9.357-9.357 24.522-9.375 33.901-.04L224 284.505l154.745-154.021c9.379-9.335 24.544-9.317 33.901.04l22.667 22.667c9.373 9.373 9.373 24.569 0 33.941L240.971 381.476c-9.373 9.372-24.569 9.372-33.942 0z\"><\/path><\/svg><\/div>\n\t\t\t\t<div class=\"elementor-toc__toggle-button elementor-toc__toggle-button--collapse\" role=\"button\" tabindex=\"0\" aria-controls=\"elementor-toc__79237b59\" aria-expanded=\"true\" aria-label=\"Close table of contents\"><svg aria-hidden=\"true\" class=\"e-font-icon-svg e-fas-chevron-up\" viewBox=\"0 0 448 512\" xmlns=\"http:\/\/www.w3.org\/2000\/svg\"><path d=\"M240.971 130.524l194.343 194.343c9.373 9.373 9.373 24.569 0 33.941l-22.667 22.667c-9.357 9.357-24.522 9.375-33.901.04L224 227.495 69.255 381.516c-9.379 9.335-24.544 9.317-33.901-.04l-22.667-22.667c-9.373-9.373-9.373-24.569 0-33.941L207.03 130.525c9.372-9.373 24.568-9.373 33.941-.001z\"><\/path><\/svg><\/div>\n\t\t\t\t\t<\/div>\n\t\t\t\t<div id=\"elementor-toc__79237b59\" class=\"elementor-toc__body\">\n\t\t\t<div class=\"elementor-toc__spinner-container\">\n\t\t\t\t<svg class=\"elementor-toc__spinner eicon-animation-spin e-font-icon-svg e-eicon-loading\" aria-hidden=\"true\" viewBox=\"0 0 1000 1000\" xmlns=\"http:\/\/www.w3.org\/2000\/svg\"><path d=\"M500 975V858C696 858 858 696 858 500S696 142 500 142 142 304 142 500H25C25 237 238 25 500 25S975 237 975 500 763 975 500 975Z\"><\/path><\/svg>\t\t\t<\/div>\n\t\t<\/div>\n\t\t\t\t\t\t<\/div>\n\t\t\t\t<\/div>\n\t\t\t\t<div class=\"elementor-element elementor-element-2935b230 elementor-widget elementor-widget-text-editor\" data-id=\"2935b230\" data-element_type=\"widget\" data-e-type=\"widget\" data-widget_type=\"text-editor.default\">\n\t\t\t\t<div class=\"elementor-widget-container\">\n\t\t\t\t\t\t\t\t\t<h1 data-start=\"0\" data-end=\"73\"><strong data-start=\"2\" data-end=\"71\">Masseter Bonta: \u00c7ene Hatt\u0131n\u0131z\u0131 Belirginle\u015ftiren Ameliyats\u0131z \u00c7\u00f6z\u00fcm<\/strong><\/h1>\n<p data-start=\"75\" data-end=\"468\"><strong data-start=\"75\" data-end=\"113\">Masseter Bonta ,<\/strong> \u00e7ene hatt\u0131n\u0131 inceltmek, di\u015f s\u0131kma (bruksizm) problemini gidermek ve y\u00fcz hatlar\u0131n\u0131 daha estetik hale getirmek i\u00e7in uygulanan ameliyats\u0131z bir estetik tedavidir. G\u00fcn\u00fcm\u00fczde hem estetik hem de fonksiyonel ama\u00e7larla tercih edilen bu uygulama, masseter kas\u0131n\u0131n a\u015f\u0131r\u0131 \u00e7al\u0131\u015fmas\u0131n\u0131 \u00f6nleyerek \u00e7ene hatt\u0131n\u0131 inceltir ve y\u00fcz\u00fcn daha oval bir forma kavu\u015fmas\u0131n\u0131 sa\u011flar.<\/p>\n<h2 data-start=\"470\" data-end=\"519\"><strong data-start=\"473\" data-end=\"517\">Masseter Kas\u0131 Nedir ve Neden Kal\u0131nla\u015f\u0131r?<\/strong><\/h2>\n<p data-start=\"521\" data-end=\"789\">Masseter kas\u0131, \u00e7ene kemi\u011finin yan taraf\u0131nda yer alan ve \u00e7i\u011fneme hareketlerini kontrol eden g\u00fc\u00e7l\u00fc bir kast\u0131r. Ancak baz\u0131 ki\u015filerde bu kas\u0131n a\u015f\u0131r\u0131 \u00e7al\u0131\u015fmas\u0131 ve kal\u0131nla\u015fmas\u0131, y\u00fcz hatlar\u0131n\u0131n kare veya k\u00f6\u015feli g\u00f6r\u00fcnmesine neden olabilir. Bunun ba\u015fl\u0131ca sebepleri \u015funlard\u0131r:<\/p>\n<ul data-start=\"791\" data-end=\"1163\">\n<li data-start=\"791\" data-end=\"937\"><strong data-start=\"793\" data-end=\"832\">Di\u015f s\u0131kma ve g\u0131c\u0131rdatma (Bruksizm):<\/strong> Stres ve anksiyete nedeniyle bilin\u00e7sizce di\u015f s\u0131kmak, masseter kas\u0131n\u0131n zamanla kal\u0131nla\u015fmas\u0131na yol a\u00e7ar.<\/li>\n<li data-start=\"938\" data-end=\"1036\"><strong data-start=\"940\" data-end=\"962\">Genetik fakt\u00f6rler:<\/strong> Baz\u0131 ki\u015filer do\u011fu\u015ftan daha belirgin bir masseter kas\u0131na sahip olabilir.<\/li>\n<li data-start=\"1037\" data-end=\"1163\"><strong data-start=\"1039\" data-end=\"1066\">\u00c7i\u011fneme al\u0131\u015fkanl\u0131klar\u0131:<\/strong> S\u00fcrekli sert g\u0131dalar t\u00fcketmek veya sak\u0131z \u00e7i\u011fnemek, masseter kas\u0131n\u0131n b\u00fcy\u00fcmesine neden olabilir.<\/li>\n<\/ul>\n<p data-start=\"1165\" data-end=\"1406\">Bu fakt\u00f6rler nedeniyle masseter kas\u0131 belirginle\u015fti\u011finde y\u00fcz geni\u015fler ve kare bir g\u00f6r\u00fcn\u00fcm kazan\u0131r. <strong data-start=\"1263\" data-end=\"1301\">Masseter Bonta ,<\/strong> bu kas\u0131n fazla \u00e7al\u0131\u015fmas\u0131n\u0131 \u00f6nleyerek \u00e7ene hatt\u0131n\u0131 daha zarif ve ince hale getiren etkili bir \u00e7\u00f6z\u00fcmd\u00fcr.<\/p>\n<h2 data-start=\"1408\" data-end=\"1438\"><strong data-start=\"1411\" data-end=\"1436\">Masseter Bonta Nedir?<\/strong><\/h2>\n<p data-start=\"1440\" data-end=\"1753\"><strong data-start=\"1440\" data-end=\"1459\">Masseter Bonta,<\/strong>&nbsp;masseter kas\u0131na yap\u0131lan enjeksiyonlarla bu kas\u0131n aktivitesini azaltan bir uygulamad\u0131r. Sinir iletimini ge\u00e7ici olarak bloke eden, kas\u0131n gev\u015femesine ve zamanla k\u00fc\u00e7\u00fclmesine neden olur. B\u00f6ylece y\u00fcz \u015fekli incelir ve daha oval bir g\u00f6r\u00fcn\u00fcme kavu\u015fur.<\/p>\n<h2 data-start=\"1755\" data-end=\"1804\"><strong data-start=\"1758\" data-end=\"1802\">Masseter Bonta Hangi Durumlarda Yap\u0131l\u0131r?<\/strong><\/h2>\n<p data-start=\"1806\" data-end=\"1886\">Masseter bonta, hem estetik hem de sa\u011fl\u0131k sorunlar\u0131na y\u00f6nelik uygulanabilir:<\/p>\n<p data-start=\"1888\" data-end=\"2237\">\u2714 <strong data-start=\"1890\" data-end=\"1907\">Y\u00fcz inceltme:<\/strong> \u00c7ene hatt\u0131n\u0131 daha ince ve zarif hale getirir.<br data-start=\"1953\" data-end=\"1956\">\u2714 <strong data-start=\"1958\" data-end=\"1980\">Bruksizm tedavisi:<\/strong> Di\u015f s\u0131kma ve g\u0131c\u0131rdatma problemlerini \u00f6nler.<br data-start=\"2025\" data-end=\"2028\">\u2714 <strong data-start=\"2030\" data-end=\"2072\">\u00c7ene a\u011fr\u0131s\u0131 ve ba\u015f a\u011fr\u0131lar\u0131n\u0131 azaltma:<\/strong> Masseter kas\u0131n\u0131n a\u015f\u0131r\u0131 kas\u0131lmas\u0131 nedeniyle olu\u015fan \u00e7ene a\u011fr\u0131lar\u0131n\u0131 hafifletir.<br data-start=\"2150\" data-end=\"2153\">\u2714 <strong data-start=\"2155\" data-end=\"2193\">Asimetrik y\u00fcz hatlar\u0131n\u0131 dengeleme:<\/strong> \u00c7ene hatt\u0131ndaki dengesizlikleri d\u00fczeltir.<\/p>\n<h2 data-start=\"2239\" data-end=\"2277\"><strong data-start=\"2242\" data-end=\"2275\">Masseter Bonta Nas\u0131l Yap\u0131l\u0131r?<\/strong><\/h2>\n<p data-start=\"2279\" data-end=\"2374\">Masseter bonta, minimal invaziv bir i\u015flemdir ve yakla\u015f\u0131k <strong data-start=\"2338\" data-end=\"2353\">5-10 dakika<\/strong> i\u00e7inde tamamlan\u0131r.<\/p>\n<p data-start=\"2376\" data-end=\"2670\">\ud83d\udd39 <strong data-start=\"2379\" data-end=\"2408\">Dan\u0131\u015fma ve De\u011ferlendirme:<\/strong> \u0130\u015flem \u00f6ncesinde y\u00fcz yap\u0131s\u0131 ve masseter kas\u0131n\u0131n b\u00fcy\u00fckl\u00fc\u011f\u00fc de\u011ferlendirilir.<br data-start=\"2482\" data-end=\"2485\">\ud83d\udd39 <strong data-start=\"2488\" data-end=\"2511\">Bonta Enjeksiyonu:<\/strong> \u0130nce i\u011fneler yard\u0131m\u0131yla masseter kas\u0131na enjekte edilir.<br data-start=\"2586\" data-end=\"2589\">\ud83d\udd39 <strong data-start=\"2592\" data-end=\"2616\">\u0130\u015flem Sonras\u0131 Bak\u0131m:<\/strong> \u0130\u015flem sonras\u0131 ki\u015fi g\u00fcnl\u00fck hayat\u0131na hemen d\u00f6nebilir.<\/p>\n<p data-start=\"2672\" data-end=\"2854\"><strong data-start=\"2672\" data-end=\"2714\">Uygulama s\u0131ras\u0131nda a\u011fr\u0131 hissedilir mi?<\/strong><br data-start=\"2714\" data-end=\"2717\">Masseter bontas\u0131 genellikle a\u011fr\u0131s\u0131z bir i\u015flemdir. Ancak hassasiyeti y\u00fcksek olan ki\u015filer i\u00e7in i\u015flem \u00f6ncesi anestezik krem uygulanabilir.<\/p>\n<h2 data-start=\"2856\" data-end=\"2907\"><strong data-start=\"2859\" data-end=\"2905\">Masseter Bonta Sonu\u00e7lar\u0131 Ne Zaman G\u00f6r\u00fcl\u00fcr?<\/strong><\/h2>\n<p data-start=\"2909\" data-end=\"3202\">\ud83d\udc89 <strong data-start=\"2912\" data-end=\"2928\">\u0130lk Etkiler:<\/strong> \u0130\u015flemden <strong data-start=\"2938\" data-end=\"2955\">3-7 g\u00fcn sonra<\/strong> kas\u0131n g\u00fcc\u00fc azalmaya ba\u015flar.<br data-start=\"2983\" data-end=\"2986\">\ud83d\udcc5 <strong data-start=\"2989\" data-end=\"3002\">Tam Etki:<\/strong> <strong data-start=\"3003\" data-end=\"3023\">3-4 hafta i\u00e7inde<\/strong> y\u00fcz hatlar\u0131nda belirgin bir incelme g\u00f6zlemlenir.<br data-start=\"3072\" data-end=\"3075\">\ud83d\udd04 <strong data-start=\"3078\" data-end=\"3099\">Kal\u0131c\u0131l\u0131k S\u00fcresi:<\/strong> Sonu\u00e7lar genellikle <strong data-start=\"3120\" data-end=\"3130\">4-6 ay<\/strong> boyunca devam eder. D\u00fczenli uygulamalarla etkisi daha uzun s\u00fcrebilir.<\/p>\n<h2 data-start=\"3204\" data-end=\"3243\"><strong data-start=\"3207\" data-end=\"3241\">Masseter Bonta&#8217;n\u0131n Avantajlar\u0131<\/strong><\/h2>\n<p data-start=\"3245\" data-end=\"3423\">\u2714 <strong data-start=\"3247\" data-end=\"3285\">Ameliyats\u0131z ve h\u0131zl\u0131 bir \u00e7\u00f6z\u00fcmd\u00fcr.<\/strong><br data-start=\"3285\" data-end=\"3288\">\u2714 <strong data-start=\"3290\" data-end=\"3324\">Do\u011fal bir y\u00fcz inceltme sa\u011flar.<\/strong><br data-start=\"3324\" data-end=\"3327\">\u2714 <strong data-start=\"3329\" data-end=\"3380\">Di\u015f s\u0131kma ve \u00e7ene a\u011fr\u0131s\u0131 problemlerini giderir.<\/strong><br data-start=\"3380\" data-end=\"3383\">\u2714 <strong data-start=\"3385\" data-end=\"3421\">G\u00fcnl\u00fck hayata hemen d\u00f6n\u00fclebilir.<\/strong><\/p>\n<h2 data-start=\"3425\" data-end=\"3483\"><strong data-start=\"3428\" data-end=\"3481\">Masseter Bonta Sonras\u0131 Nelere Dikkat Edilmelidir?<\/strong><\/h2>\n<p data-start=\"3485\" data-end=\"3722\">\u2705 <strong data-start=\"3487\" data-end=\"3534\">\u0130lk 24 saat i\u00e7inde y\u00fcz\u00fcn\u00fcze bask\u0131 yapmay\u0131n.<\/strong><br data-start=\"3534\" data-end=\"3537\">\u2705 <strong data-start=\"3539\" data-end=\"3602\">S\u0131cak du\u015f, sauna veya hamam gibi s\u0131cak ortamlardan ka\u00e7\u0131n\u0131n.<\/strong><br data-start=\"3602\" data-end=\"3605\">\u2705 <strong data-start=\"3607\" data-end=\"3663\">\u0130lk birka\u00e7 saat y\u00fcz kaslar\u0131n\u0131z\u0131 fazla \u00e7al\u0131\u015ft\u0131rmay\u0131n.<\/strong><br data-start=\"3663\" data-end=\"3666\">\u2705 <strong data-start=\"3668\" data-end=\"3720\">Doktorunuzun \u00f6nerdi\u011fi kontrolleri ihmal etmeyin.<\/strong><\/p>\n<h2 data-start=\"3724\" data-end=\"3775\"><strong data-start=\"3727\" data-end=\"3773\">Masseter Bonta Kimler \u0130\u00e7in Uygun De\u011fildir?<\/strong><\/h2>\n<p data-start=\"3777\" data-end=\"3899\">\ud83d\udeab Hamileler ve emziren anneler.<br data-start=\"3809\" data-end=\"3812\">\ud83d\udeab Sinir-kas hastal\u0131\u011f\u0131 olan bireyler.<br><\/p>\n<h2 data-start=\"3901\" data-end=\"3934\"><strong data-start=\"3904\" data-end=\"3932\">Masseter Bonta Fiyatlar\u0131<\/strong><\/h2>\n<p data-start=\"3936\" data-end=\"4132\">Fiyatlar, <strong data-start=\"3946\" data-end=\"4037\">uygulama yap\u0131lan klini\u011fe, doktorun deneyimine ve kullan\u0131lan markaya<\/strong>&nbsp;g\u00f6re de\u011fi\u015fiklik g\u00f6sterebilir. Kesin fiyat bilgisi almak i\u00e7in bir uzmana dan\u0131\u015fman\u0131z \u00f6nerilir.<\/p>\n<p data-start=\"4150\" data-end=\"4391\"><strong data-start=\"4150\" data-end=\"4169\">Masseter Bonta,<\/strong> ameliyats\u0131z y\u00fcz inceltme ve \u00e7ene hatlar\u0131n\u0131 belirginle\u015ftirme konusunda etkili ve g\u00fcvenilir bir estetik i\u015flemdir. Ayn\u0131 zamanda di\u015f s\u0131kma problemini gidermesi sayesinde hem estetik hem de sa\u011fl\u0131k a\u00e7\u0131s\u0131ndan avantajlar sunar.<\/p>\n<p data-start=\"4393\" data-end=\"4554\" data-is-last-node=\"\">Daha zarif ve ince bir y\u00fcz hatt\u0131 i\u00e7in <strong data-start=\"4431\" data-end=\"4505\">Masseter Bonta yapt\u0131rmadan \u00f6nce alan\u0131nda uzman bir doktorla g\u00f6r\u00fc\u015fmek<\/strong> en iyi sonu\u00e7lar\u0131 alman\u0131za yard\u0131mc\u0131 olacakt\u0131r. \ud83d\ude0a<\/p>\t\t\t\t\t\t\t\t<\/div>\n\t\t\t\t<\/div>\n\t\t\t\t\t<\/div>\n\t\t<\/div>\n\t\t\t\t\t<\/div>\n\t\t<\/section>\n\t\t\t\t<\/div>\n\t\t","protected":false},"excerpt":{"rendered":"<p>Masseter Bonta Content Detail Masseter Bonta: \u00c7ene Hatt\u0131n\u0131z\u0131 Belirginle\u015ftiren Ameliyats\u0131z \u00c7\u00f6z\u00fcm Masseter Bonta , \u00e7ene hatt\u0131n\u0131 inceltmek, di\u015f s\u0131kma (bruksizm) problemini gidermek ve y\u00fcz hatlar\u0131n\u0131 daha estetik hale getirmek i\u00e7in uygulanan ameliyats\u0131z bir estetik tedavidir. G\u00fcn\u00fcm\u00fczde hem estetik hem de fonksiyonel ama\u00e7larla tercih edilen bu uygulama, masseter kas\u0131n\u0131n a\u015f\u0131r\u0131 \u00e7al\u0131\u015fmas\u0131n\u0131 \u00f6nleyerek \u00e7ene hatt\u0131n\u0131 inceltir ve [&hellip;]<\/p>\n","protected":false},"author":2,"featured_media":0,"parent":0,"menu_order":0,"comment_status":"closed","ping_status":"closed","template":"","meta":{"footnotes":""},"class_list":["post-1474","page","type-page","status-publish","hentry"],"_links":{"self":[{"href":"https:\/\/opdralperentekin.com\/en\/wp-json\/wp\/v2\/pages\/1474","targetHints":{"allow":["GET"]}}],"collection":[{"href":"https:\/\/opdralperentekin.com\/en\/wp-json\/wp\/v2\/pages"}],"about":[{"href":"https:\/\/opdralperentekin.com\/en\/wp-json\/wp\/v2\/types\/page"}],"author":[{"embeddable":true,"href":"https:\/\/opdralperentekin.com\/en\/wp-json\/wp\/v2\/users\/2"}],"replies":[{"embeddable":true,"href":"https:\/\/opdralperentekin.com\/en\/wp-json\/wp\/v2\/comments?post=1474"}],"version-history":[{"count":1,"href":"https:\/\/opdralperentekin.com\/en\/wp-json\/wp\/v2\/pages\/1474\/revisions"}],"predecessor-version":[{"id":1475,"href":"https:\/\/opdralperentekin.com\/en\/wp-json\/wp\/v2\/pages\/1474\/revisions\/1475"}],"wp:attachment":[{"href":"https:\/\/opdralperentekin.com\/en\/wp-json\/wp\/v2\/media?parent=1474"}],"curies":[{"name":"wp","href":"https:\/\/api.w.org\/{rel}","templated":true}]}}