{"id":1469,"date":"2024-09-11T09:07:41","date_gmt":"2024-09-11T09:07:41","guid":{"rendered":"https:\/\/opdralperentekin.com\/kvkk\/"},"modified":"2026-03-02T14:46:10","modified_gmt":"2026-03-02T14:46:10","slug":"kvkk","status":"publish","type":"page","link":"https:\/\/opdralperentekin.com\/en\/kvkk\/","title":{"rendered":"KVKK"},"content":{"rendered":"\r\n<p><strong>K\u0130\u015e\u0130SEL VER\u0130LER\u0130N \u0130\u015eLENMES\u0130 HAKKINDA AYDINLATMA METN\u0130<\/strong><\/p>\r\n<p>Op. Dr. Alperen Tekin ki\u015fisel verilerinin T\u00fcrkiye Cumhuriyeti Anayasas\u0131 ve insan haklar\u0131na ili\u015fkin \u00fclkemizin taraf\u0131 oldu\u011fu uluslararas\u0131 s\u00f6zle\u015fmeler ile 6698 say\u0131l\u0131 Ki\u015fisel Verilerin Korunmas\u0131 Kanunu (\u201cKVKK\u201d) ba\u015fta olmak \u00fczere ilgili mevzuata uygun olarak i\u015flenerek, muhafaza edilmesi hususunda gerekli prosed\u00fcrleri uyguluyoruz.<\/p>\r\n<p>Ki\u015fisel verileriniz mevzuat taraf\u0131ndan emredilen s\u0131n\u0131rlar \u00e7er\u00e7evesinde; kaydedilecek, saklanacak, g\u00fcncellenecek, mevzuat\u0131n izin verdi\u011fi durumlarda 3. ki\u015filere a\u00e7\u0131klanabilecek \/ devredilebilecek, s\u0131n\u0131fland\u0131r\u0131labilecek, gerekli durumlarda anonim hale getirilecek, gerekli durumlarda kimliksizle\u015ftirilecek,imha edilecek ve KVKK\u2019da say\u0131lan \u015fekillerde faaliyet ve hizmet ama\u00e7lar\u0131m\u0131z ile ba\u011flant\u0131l\u0131 ve \u00f6l\u00e7\u00fcl\u00fc olarak i\u015flenebilecektir.<\/p>\r\n<p>\u0130\u015fbu Ayd\u0131nlatma Metni ile, sundu\u011fumuz sa\u011fl\u0131k hizmetleri kapsam\u0131nda edinilen ki\u015fisel verilerinizi nas\u0131l i\u015flendi\u011fi hususunda \u201cVeri Sorumlusu\u201d s\u0131fat\u0131yla ayd\u0131nlat\u0131c\u0131 bilgi aktar\u0131lmaktad\u0131r.<\/p>\r\n<p>Veri sorumlusu olarak Op. Dr. Alperen Tekin taraf\u0131ndan ki\u015fisel verilerinizin i\u015fleni\u015fine ili\u015fkin bilgiler a\u015fa\u011f\u0131dad\u0131r<strong>;<\/strong><\/p>\r\n<ol>\r\n<li><strong>K\u0130\u015e\u0130SEL VER\u0130LER\u0130 NE \u015eEK\u0130LDE TOPLUYOR VE \u0130\u015eL\u0130YORUZ?<\/strong><\/li>\r\n<\/ol>\r\n<p>Hastalar\u0131m\u0131zdan veya gerekli hallerde hastalar\u0131m\u0131z\u0131n yasal temsilcilerinden, \u00e7al\u0131\u015fanlar\u0131m\u0131zdan ve sundu\u011fumuz hizmet kapsam\u0131nda hizmetlerimiz ile ili\u015fkili \u00fc\u00e7\u00fcnc\u00fc \u015fah\u0131slardan \u00e7e\u015fitli bilgiler toplamaktay\u0131z. S\u00f6z konusu bilgiler, her \u015fartta 6698 say\u0131l\u0131 Ki\u015fisel Verilerin Korunmas\u0131 Kanunu\u2019nda (\u201cKVKK\u201d) yer alan veri i\u015fleme ilke ve \u015fartlar\u0131na uygun olarak toplanmaktad\u0131r.<\/p>\r\n<p>\u00d6zel nitelikli ki\u015fisel verilerden, ilgili ki\u015filerin sa\u011fl\u0131k verileri, ilgilinin a\u00e7\u0131k r\u0131zas\u0131 aranmaks\u0131z\u0131n ancak kamu sa\u011fl\u0131\u011f\u0131n\u0131n korunmas\u0131, koruyucu hekimlik, t\u0131bbi te\u015fhis, tedavi ve bak\u0131m hizmetlerinin y\u00fcr\u00fct\u00fclmesi, sa\u011fl\u0131k hizmetleri ile finansman\u0131n planlanmas\u0131 ve y\u00f6netim ama\u00e7lar\u0131yla, s\u0131r saklama y\u00fck\u00fcml\u00fcl\u00fc\u011f\u00fc alt\u0131nda bulunan ki\u015filer veya yetkili kurum ve kurulu\u015flar taraf\u0131ndan i\u015flenebilir. Ayr\u0131ca t\u00fcr\u00fc fark etmeksizin, t\u00fcm \u00f6zel nitelikli ki\u015fisel veriler, kanun gere\u011fi ancak KVKK taraf\u0131ndan belirlenen yeterli \u00f6nlemlerin al\u0131nmas\u0131 halinde i\u015flenebilir.<\/p>\r\n<p>Muayenehane faaliyetlerimiz kapsam\u0131nda bizimle payla\u015ft\u0131\u011f\u0131n\u0131z ki\u015fisel verileriniz; otomatik ya da otomatik olmayan y\u00f6ntemler ile Op. Dr. Alperen Tekin taraf\u0131ndan sa\u011flanmakta olan kamu sa\u011fl\u0131\u011f\u0131n\u0131n korunmas\u0131, koruyucu hekimlik, t\u0131bb\u00ee te\u015fhis, tedavi ve bak\u0131m hizmetlerinin y\u00fcr\u00fct\u00fclmesi, sa\u011fl\u0131k hizmetleri ile finansman\u0131n\u0131n planlanmas\u0131 ve y\u00f6netimi ama\u00e7lar\u0131yla kaydedilerek, depolanarak, de\u011fi\u015ftirilerek, yeniden d\u00fczenlenerek toplanmaktad\u0131r. KVKK kapsam\u0131nda veriler \u00fczerinde ger\u00e7ekle\u015ftirilen her t\u00fcrl\u00fc i\u015flem \u201cki\u015fisel verilerin i\u015flenmesi\u201d olarak kabul edilmektedir.<\/p>\r\n<p>Ayr\u0131ca, hizmet sunumu i\u00e7in bilgi, randevu, \u015fik\u00e2yet veya sair ama\u00e7lar muayenehanemizi ziyaret etti\u011finizde ki\u015fisel verileriniz i\u015flenebilecektir.<\/p>\r\n<ol start=\"2\">\r\n<li><strong>HANG\u0130 K\u0130\u015e\u0130SEL VER\u0130LER\u0130 TOPLUYORUZ? \u00a0\u00a0<\/strong><\/li>\r\n<\/ol>\r\n<p>Taraf\u0131n\u0131za sunulan ya da sunulacak sa\u011fl\u0131k hizmetlerine yahut muayenehanemiz ile hukuki ili\u015fkinize (\u00e7al\u0131\u015fan, dan\u0131\u015fman vs. \u015fah\u0131slar) ba\u011fl\u0131 olarak muhteviyat\u0131 de\u011fi\u015fiklik g\u00f6stermekle birlikte a\u015fa\u011f\u0131da\u00a03. B\u00f6l\u00fcmde belirtilen ama\u00e7lar i\u00e7in toplad\u0131\u011f\u0131m\u0131z ki\u015fisel verilerinize \u00f6rnekler a\u015fa\u011f\u0131da yer almaktad\u0131r;<\/p>\r\n<p>Kimlik bilgileriniz, \u0130leti\u015fim Bilgileriniz, Muhasebesel Bilgileriniz, Sa\u011fl\u0131k hizmetlerinin finansman\u0131 ve planlamas\u0131 amac\u0131yla \u00f6zel sa\u011fl\u0131k sigortas\u0131na ili\u015fkin verileriniz ve\/veya Sosyal G\u00fcvenlik Kurumu verileriniz, Sa\u011fl\u0131k Bilgileriniz, Biyometrik Verileriniz ve sair veriler: Muayenehaneye i\u015f ba\u015fvurusunda bulunman\u0131z halinde bu hususta temin edilen \u00f6zge\u00e7mi\u015f d\u00e2hil sair ki\u015fisel verileriniz ile muayenehane \u00e7al\u0131\u015fan\u0131 olman\u0131z halinde hizmet akdiniz ve hukuki ili\u015fkiniz ile ilgili \u00f6zl\u00fck dosyas\u0131 kapsam\u0131nda kullan\u0131lacak aile bireylerinize ili\u015fkin veriler ve her t\u00fcrl\u00fc ki\u015fisel verileriniz.\u00a0<\/p>\r\n<p>&nbsp;<\/p>\r\n<ol start=\"3\">\r\n<li><strong>K\u0130\u015e\u0130SEL VER\u0130LER\u0130N\u0130Z\u0130N \u0130\u015eLENME AMA\u00c7LARI VE HUKUK\u0130 SEBEPLER\u0130<\/strong><\/li>\r\n<\/ol>\r\n<p>Payla\u015ft\u0131\u011f\u0131n\u0131z hem \u00f6zel nitelikteki ki\u015fisel veriler hem de genel nitelikteki ki\u015fisel veriler;<\/p>\r\n<p>3359 say\u0131l\u0131 Sa\u011fl\u0131k Hizmetleri Temel Kanunu, 663 say\u0131l\u0131 Sa\u011fl\u0131k Bakanl\u0131\u011f\u0131 ve Ba\u011fl\u0131 Kurulu\u015flar\u0131n Te\u015fkilat ve G\u00f6revleri Hakk\u0131nda Kanun H\u00fckm\u00fcnde Kararname, Ayakta Te\u015fhis Ve Tedavi Yap\u0131lan \u00d6zel Sa\u011fl\u0131k Kurulu\u015flar\u0131 Hakk\u0131nda Y\u00f6netmelik, Ki\u015fisel Sa\u011fl\u0131k Verileri Hakk\u0131nda Y\u00f6netmelik ve ilgili di\u011fer d\u00fczenlemelerde yer alan hukuki y\u00fck\u00fcml\u00fcl\u00fcklerimizi yerine getirme,S\u00f6zle\u015fmesel sorumluluklar\u0131m\u0131z kapsam\u0131nda verilerinizi muhafaza etme.\u0130lgili mevzuat kapsam\u0131nda saklanmas\u0131 gereken sa\u011fl\u0131k verilerinize ili\u015fkin bilgileri muhafaza etme,ilgili mevzuat uyar\u0131nda Sa\u011fl\u0131k Bakanl\u0131\u011f\u0131 ve di\u011fer kamu kurum ve kurulu\u015flar\u0131 ile talep edilen bilgileri payla\u015fma,Kamu sa\u011fl\u0131\u011f\u0131n\u0131n korunmas\u0131, koruyucu hekimlik, t\u0131bb\u00ee te\u015fhis, tedavi ve bak\u0131m hizmetlerinin y\u00fcr\u00fct\u00fclmesi, Kamu g\u00fcvenli\u011fine ili\u015fkin hususlarda ve hukuki uyu\u015fmazl\u0131klarda, talep halinde ve mevzuat gere\u011fi savc\u0131l\u0131klara, mahkemelere ve ilgili kamu g\u00f6revlilerine bilgi verebilmek, Koruyucu sa\u011fl\u0131k hizmeti dahil sa\u011fl\u0131k hizmetlerinin sunulmas\u0131, Sa\u011fl\u0131k hizmetlerin sunumu i\u00e7in finansman planlamas\u0131 ve y\u00f6ne timi, ama\u00e7lar\u0131yla i\u015flenebilecektir. Ki\u015fisel verilerinizi muayenehanemiz b\u00fcnyesinde ve\/veya s\u00f6zle\u015fmeli kurulu\u015flar b\u00fcnyesinde bulunan fiziki ar\u015fiv ve\/veya bili\u015fim sistemlerine nakledilerek hem dijital hem de fiziki ortamda muhafaza alt\u0131nda tutulabilecektir.\u00a0<\/p>\r\n<p>&nbsp;<\/p>\r\n<ol start=\"4\">\r\n<li><strong>K\u0130\u015e\u0130SEL VER\u0130LER\u0130N \u0130\u015eLENME \u015eARTLARI KAPSAMINDA A\u00c7IK RIZAYA \u0130L\u0130\u015eK\u0130N HUSUSLAR<\/strong>.<\/li>\r\n<\/ol>\r\n<p>Ki\u015fisel verileriniz; hukuka ve d\u00fcr\u00fcstl\u00fck kural\u0131n\u0131n \u00f6ng\u00f6rd\u00fc\u011f\u00fc bi\u00e7imde, i\u015flenme ama\u00e7lar\u0131 ile ba\u011flant\u0131l\u0131, s\u0131n\u0131rl\u0131 ve \u00f6l\u00e7\u00fcl\u00fc olarak, do\u011fru ve g\u00fcncel olarak, belirli a\u00e7\u0131k ve me\u015fru ama\u00e7lar ile i\u015flenecektir.<\/p>\r\n<ol start=\"5\">\r\n<li><strong>K\u0130\u015e\u0130SEL VER\u0130LER\u0130N\u0130Z\u0130N \u0130\u015eLEME S\u00dcREM\u0130Z NED\u0130R?<\/strong><\/li>\r\n<\/ol>\r\n<p>Ki\u015fisel Verileriniz mevzuata ve di\u011fer mevzuatlarda zorunlu k\u0131l\u0131nan s\u00fcrelere uygun \u015fekilde her hal\u00fck\u00e2rda yukar\u0131daki me\u015fru ama\u00e7lar ortadan kalkmad\u0131\u011f\u0131 m\u00fcddet\u00e7e i\u015flenecektir.<\/p>\r\n<ol start=\"6\">\r\n<li><strong>K\u0130\u015e\u0130SEL VER\u0130LER\u0130N\u0130Z\u0130N AKTARILAB\u0130LECE\u011e\u0130 K\u0130\u015e\u0130 VE KURULU\u015eLAR<\/strong><\/li>\r\n<\/ol>\r\n<p>Ki\u015fisel verilerinizi, 359 say\u0131l\u0131 Sa\u011fl\u0131k Hizmetleri Temel Kanunu, 663 say\u0131l\u0131 Sa\u011fl\u0131k Bakanl\u0131\u011f\u0131 ve Ba\u011fl\u0131 Kurulu\u015flar\u0131n\u0131n Te\u015fkilat ve G\u00f6revleri Hakk\u0131nda Kanun H\u00fckm\u00fcnde Kararname, Ayakta Te\u015fhis Ve Tedavi Yap\u0131lan \u00d6zel Sa\u011fl\u0131k Kurulu\u015flar\u0131 Hakk\u0131nda Y\u00f6netmelik, Ki\u015fisel Sa\u011fl\u0131k Verileri Hakk\u0131nda Y\u00f6netmelik ve ilgili di\u011fer mevzuat h\u00fck\u00fcmlerinin izin verdi\u011fi kurum veya kurulu\u015flar, Sa\u011fl\u0131k Bakanl\u0131\u011f\u0131 ve ba\u011fl\u0131 alt birimleri, \u0130\u00e7i\u015fleri Bakanl\u0131\u011f\u0131na ba\u011fl\u0131 g\u00fcvenlik g\u00fc\u00e7leri ve benzeri kolluk kuvvetleri, Savc\u0131l\u0131k makamlar\u0131, Mahkemeler, Kanunlarla yetkili k\u0131l\u0131nm\u0131\u015f di\u011fer resmi merciler, \u00f6zel sigorta \u015firketleri, olas\u0131 bir hukuki ihtilaf durumunda avukatlar\u0131m\u0131z, dan\u0131\u015fmanlar, denet\u00e7iler, i\u015f ortaklar\u0131,\u00a0\u00a0\u00a0\u00a0\u00a0\u00a0\u00a0 sa\u011fl\u0131k hizmetleri i\u00e7in i\u015f birli\u011fi i\u00e7erisinde oldu\u011fumuz laboratuvar, merkez ve benzeri \u00fc\u00e7\u00fcnc\u00fc ki\u015filer, faaliyetlerimizi y\u00fcr\u00fctmek \u00fczere s\u00f6zle\u015fmesel olarak hizmet ald\u0131\u011f\u0131m\u0131z, i\u015fbirli\u011fi yapt\u0131\u011f\u0131m\u0131z, yurt i\u00e7i kurulu\u015flar ve di\u011fer \u00fc\u00e7\u00fcnc\u00fc ki\u015filere aktarabiliriz.\u00a0<\/p>\r\n<ol start=\"7\">\r\n<li><strong>K\u0130\u015e\u0130SEL B\u0130LG\u0130LER\u0130N\u0130Z DE\u011e\u0130\u015e\u0130RSE NE YAPMALISINIZ?<\/strong><\/li>\r\n<\/ol>\r\n<p>Ki\u015fisel verilerinizde bir de\u011fi\u015fiklik olmas\u0131 durumda kay\u0131tlar\u0131m\u0131z\u0131 g\u00fcncelleyebilmemiz i\u00e7in bize s\u00f6ylemelisiniz.\u00a0Ayr\u0131ca prosed\u00fcrlerimiz gere\u011fi ileti\u015fim ve adres verileriniz gibi ki\u015fisel verilerinizin do\u011fru ve g\u00fcncelli\u011fini kontrol amac\u0131yla sizlerden onay talep edilecektir.<\/p>\r\n<ol start=\"8\">\r\n<li><strong>\u00c7OCUKLARIN K\u0130\u015e\u0130SEL VER\u0130LER\u0130<\/strong><\/li>\r\n<\/ol>\r\n<p>T\u00fcrkiye Cumhuriyeti kanunlar\u0131 kapsam\u0131nda 18 ya\u015f\u0131n\u0131 doldurmayan bireylere ait ki\u015fisel verileri a\u00e7\u0131k r\u0131za gereken hallerde k\u00fc\u00e7\u00fc\u011f\u00fcn veli ya da vasisinin r\u0131zas\u0131 ile i\u015fleyebiliyoruz.<\/p>\r\n<ol start=\"9\">\r\n<li><strong>6698 SAYILI KVKK UYARINCA\u00a0K\u0130\u015e\u0130SEL VER\u0130 SAH\u0130B\u0130N\u0130N HAKLARI<\/strong><\/li>\r\n<\/ol>\r\n<p>6698 say\u0131l\u0131 KVKK 11.maddesi gere\u011fince, Ki\u015fisel Veri Sahibi\u2019nin haklar\u0131 a\u015fa\u011f\u0131daki gibidir:<\/p>\r\n<p>\u0130\u015flenen ki\u015fisel verilerinizle ilgili olarak, mevzuat uyar\u0131nca taraf\u0131m\u0131za ba\u015fvurarak,<\/p>\r\n<p>Ki\u015fisel veri i\u015flenip i\u015flenmedi\u011fini \u00f6\u011frenme, Ki\u015fisel verileri i\u015flenmi\u015fse buna ili\u015fkin bilgi talep etme, Ki\u015fisel verilerin i\u015flenme amac\u0131n\u0131 ve bunlar\u0131n amac\u0131na uygun kullan\u0131l\u0131p kullan\u0131lmad\u0131\u011f\u0131n\u0131\u00a0\u00f6\u011frenme, Yurt i\u00e7inde veya yurt d\u0131\u015f\u0131nda ki\u015fisel verilerin aktar\u0131ld\u0131\u011f\u0131 \u00fc\u00e7\u00fcnc\u00fc ki\u015fileri bilme, Ki\u015fisel verilerin eksik veya yanl\u0131\u015f i\u015flenmi\u015f olmas\u0131 h\u00e2linde bunlar\u0131n d\u00fczeltilmesini isteme, KVKK\u2019nun 7. maddesinde \u00f6ng\u00f6r\u00fclen \u015fartlar \u00e7er\u00e7evesinde ki\u015fisel verilerin silinmesini veya yok\u00a0edilmesini isteme (sa\u011fl\u0131k kapsam\u0131ndaki ki\u015fisel verilerin mevzuat kapsam\u0131nda saklanmak y\u00fck\u00fcml\u00fcl\u00fc\u011f\u00fc bulundu\u011fundan silinme hakk\u0131 Ki\u015fisel Sa\u011fl\u0131k Verileri Hakk\u0131nda Y\u00f6netmelik uyar\u0131nca de\u011ferlendirilecektir.)Ki\u015fisel verilerin d\u00fczeltilmesi, silinmesi, yok edilmesi halinde bu i\u015flemlerin, ki\u015fisel verilerin aktar\u0131ld\u0131\u011f\u0131 \u00fc\u00e7\u00fcnc\u00fc ki\u015filere de bildirilmesini isteme, (sa\u011fl\u0131k kapsam\u0131ndaki ki\u015fisel verilerin mevzuat kapsam\u0131nda saklanmak y\u00fck\u00fcml\u00fcl\u00fc\u011f\u00fc bulundu\u011fundan silinme hakk\u0131 Ki\u015fisel Sa\u011fl\u0131k Verileri Hakk\u0131nda Y\u00f6netmelik uyar\u0131nca de\u011ferlendirilecektir.)\u0130\u015flenen verilerin m\u00fcnhas\u0131ran otomatik sistemler vas\u0131tas\u0131yla analiz edilmesi suretiyle ki\u015finin\u00a0kendisi aleyhine bir sonucun ortaya \u00e7\u0131kmas\u0131na itiraz etme, Ki\u015fisel verilerin kanuna ayk\u0131r\u0131 olarak i\u015flenmesi sebebiyle zarara u\u011framas\u0131 h\u00e2linde zarar\u0131n\u00a0giderilmesini talep etme, haklar\u0131na sahipsiniz.<\/p>\r\n<p>Ayr\u0131ca belirli bir ama\u00e7la (\u00f6rne\u011fin bir ara\u015ft\u0131rma projesi i\u00e7in) ki\u015fisel verilerinizi i\u015flemek veya size bilgilendirici tan\u0131t\u0131m faaliyetleri yapmak i\u00e7in onay\u0131n\u0131z\u0131 ald\u0131\u011f\u0131m\u0131zda, onay\u0131n\u0131z\u0131 istedi\u011finiz zaman geri alabilirsiniz.<\/p>\r\n<p>Yukar\u0131da belirtilen haklar\u0131n\u0131z\u0131 kullanmak i\u00e7in kimlik bilgilerinizi, kullanmak istedi\u011finiz hakk\u0131 ve talebinizi detayl\u0131 anlatan metninizi\u00a0\u00a0 Ki\u015fisel Verilerin Korunmas\u0131 Kanunu Uyar\u0131nca Ba\u015fvuru Formu\u201d nu muayenehanemizde doldurarak;\u00a0<strong>\u201c Rumeli Caddesi, No:22, Rumeli Plaza 3. Kat, \u015ei\u015fli &#8211; \u0130STANBUL \/ T\u00dcRK\u0130YE<\/strong> \u201cadresine elden bizzat iletebilir, noter kanal\u0131yla veya iadeli taahh\u00fctl\u00fc posta ile \u2018\u2018Ki\u015fisel Veri Bilgi Edinme Talebi\u2019\u2019 notu ile g\u00f6nderebilirsiniz. Ayr\u0131ca gerek duyulmas\u0131 halinde <a href=\"mailto:info@opdralperentekin.com\">info@opdralperentekin.com <\/a>uzant\u0131l\u0131 e-posta adresi veya <span class=\"elementor-icon-list-text\">0 555 853 77 33<\/span> telefon hatt\u0131 ile ileti\u015fime ge\u00e7ilebilirsiniz.<\/p>\r\n<p>Ba\u015fvuru esnas\u0131nda taraf\u0131m\u0131zca kimlik bilgilerinin teyit edilmesi ama\u00e7l\u0131 olarak kimlik ibraz edilmesini talep etme hakk\u0131 sakl\u0131d\u0131r.<\/p>\r\n<p>Bu \u00e7er\u00e7evedeki ba\u015fvurular\u0131n\u0131z en \u00e7ok 30 g\u00fcn i\u00e7erisinde neticelendirilecektir. S\u00f6z konusu ba\u015fvurular \u00fccretsiz olup, kanunun 13.maddesinin ikinci f\u0131kras\u0131 uyar\u0131nca i\u015flemin ayr\u0131ca bir maliyet gerektirmesi halinde, Kurulca belirlenen tarifedeki \u00fccret muayenehanemiz taraf\u0131ndan al\u0131nacakt\u0131r.<\/p>","protected":false},"excerpt":{"rendered":"<p>K\u0130\u015e\u0130SEL VER\u0130LER\u0130N \u0130\u015eLENMES\u0130 HAKKINDA AYDINLATMA METN\u0130 Op. Dr. Alperen Tekin ki\u015fisel verilerinin T\u00fcrkiye Cumhuriyeti Anayasas\u0131 ve insan haklar\u0131na ili\u015fkin \u00fclkemizin taraf\u0131 oldu\u011fu uluslararas\u0131 s\u00f6zle\u015fmeler ile 6698 say\u0131l\u0131 Ki\u015fisel Verilerin Korunmas\u0131 Kanunu (\u201cKVKK\u201d) ba\u015fta olmak \u00fczere ilgili mevzuata uygun olarak i\u015flenerek, muhafaza edilmesi hususunda gerekli prosed\u00fcrleri uyguluyoruz. Ki\u015fisel verileriniz mevzuat taraf\u0131ndan emredilen s\u0131n\u0131rlar \u00e7er\u00e7evesinde; kaydedilecek, saklanacak, [&hellip;]<\/p>\n","protected":false},"author":2,"featured_media":0,"parent":0,"menu_order":0,"comment_status":"closed","ping_status":"closed","template":"","meta":{"footnotes":""},"class_list":["post-1469","page","type-page","status-publish","hentry"],"_links":{"self":[{"href":"https:\/\/opdralperentekin.com\/en\/wp-json\/wp\/v2\/pages\/1469","targetHints":{"allow":["GET"]}}],"collection":[{"href":"https:\/\/opdralperentekin.com\/en\/wp-json\/wp\/v2\/pages"}],"about":[{"href":"https:\/\/opdralperentekin.com\/en\/wp-json\/wp\/v2\/types\/page"}],"author":[{"embeddable":true,"href":"https:\/\/opdralperentekin.com\/en\/wp-json\/wp\/v2\/users\/2"}],"replies":[{"embeddable":true,"href":"https:\/\/opdralperentekin.com\/en\/wp-json\/wp\/v2\/comments?post=1469"}],"version-history":[{"count":2,"href":"https:\/\/opdralperentekin.com\/en\/wp-json\/wp\/v2\/pages\/1469\/revisions"}],"predecessor-version":[{"id":1473,"href":"https:\/\/opdralperentekin.com\/en\/wp-json\/wp\/v2\/pages\/1469\/revisions\/1473"}],"wp:attachment":[{"href":"https:\/\/opdralperentekin.com\/en\/wp-json\/wp\/v2\/media?parent=1469"}],"curies":[{"name":"wp","href":"https:\/\/api.w.org\/{rel}","templated":true}]}}